{"id":18,"date":"2025-04-15T09:54:34","date_gmt":"2025-04-15T09:54:34","guid":{"rendered":"https:\/\/rio.pensionsarria.com\/?page_id=18"},"modified":"2025-06-03T15:58:51","modified_gmt":"2025-06-03T15:58:51","slug":"inicio","status":"publish","type":"page","link":"https:\/\/rio.pensionsarria.com\/","title":{"rendered":"INICIO"},"content":{"rendered":"\t\t<div data-elementor-type=\"wp-page\" data-elementor-id=\"18\" class=\"elementor elementor-18\" data-elementor-post-type=\"page\">\n\t\t\t\t<div class=\"elementor-element elementor-element-ccbdfaf e-flex e-con-boxed e-con e-parent\" data-id=\"ccbdfaf\" data-element_type=\"container\">\n\t\t\t\t\t<div class=\"e-con-inner\">\n\t\t\t\t<div class=\"elementor-element elementor-element-45a1b1e elementor-widget-divider--view-line_text elementor-widget-divider--element-align-center elementor-widget elementor-widget-divider\" data-id=\"45a1b1e\" data-element_type=\"widget\" data-widget_type=\"divider.default\">\n\t\t\t\t<div class=\"elementor-widget-container\">\n\t\t\t\t\t\t\t<div class=\"elementor-divider\">\n\t\t\t<span class=\"elementor-divider-separator\">\n\t\t\t\t\t\t\t<span class=\"elementor-divider__text elementor-divider__element\">\n\t\t\t\tBienvenido\/a\t\t\t\t<\/span>\n\t\t\t\t\t\t<\/span>\n\t\t<\/div>\n\t\t\t\t\t\t<\/div>\n\t\t\t\t<\/div>\n\t\t\t\t<div class=\"elementor-element elementor-element-f5bb8f8 elementor-widget elementor-widget-heading\" data-id=\"f5bb8f8\" data-element_type=\"widget\" data-widget_type=\"heading.default\">\n\t\t\t\t<div class=\"elementor-widget-container\">\n\t\t\t\t\t<h1 class=\"elementor-heading-title elementor-size-default\">Tu pensi\u00f3n en Sarria<\/h1>\t\t\t\t<\/div>\n\t\t\t\t<\/div>\n\t\t\t\t<div class=\"elementor-element elementor-element-b5bf20f elementor-widget elementor-widget-image\" data-id=\"b5bf20f\" data-element_type=\"widget\" data-widget_type=\"image.default\">\n\t\t\t\t<div class=\"elementor-widget-container\">\n\t\t\t\t\t\t\t\t\t\t\t\t\t\t\t<img decoding=\"async\" src=\"https:\/\/rio.pensionsarria.com\/wp-content\/uploads\/elementor\/thumbs\/beautiful-scenery-river-surrounded-by-greenery-forest-scaled-r4cngakn5lfjy38xt39226h65k3s8uyzrsbv5be9o0.jpg\" title=\"rio-sarria\" alt=\"rio-sarria\" loading=\"lazy\" \/>\t\t\t\t\t\t\t\t\t\t\t\t\t\t\t<\/div>\n\t\t\t\t<\/div>\n\t\t\t\t\t<\/div>\n\t\t\t\t<\/div>\n\t\t<div class=\"elementor-element elementor-element-94670a6 e-flex e-con-boxed e-con e-parent\" data-id=\"94670a6\" data-element_type=\"container\">\n\t\t\t\t\t<div class=\"e-con-inner\">\n\t\t\t\t<div class=\"elementor-element elementor-element-1db29f0 elementor-widget elementor-widget-html\" data-id=\"1db29f0\" data-element_type=\"widget\" data-widget_type=\"html.default\">\n\t\t\t\t<div class=\"elementor-widget-container\">\n\t\t\t\t\t<!-- Calendario horizontal con fuente Libre Bodoni -->\n<div class=\"avirato_form\">\n  <form id=\"form_avirato\" action=\"https:\/\/avirato.com\/motor_reservas\/reserva_online.php?code=36266119\" method=\"POST\">\n    <div class=\"row\">\n      <div class=\"field-container\">\n        <input placeholder=\"Llegada\" type=\"text\" id=\"date-picker-1\" name=\"from\">\n        <span class=\"material-icons iconAv\">event<\/span>\n      <\/div>\n      <div class=\"field-container\">\n        <input placeholder=\"Salida\" type=\"text\" id=\"date-picker-2\" name=\"to\">\n        <span class=\"material-icons iconAv\">event<\/span>\n      <\/div>\n      <input class=\"btn\" type=\"submit\" value=\"Reservar\">\n    <\/div>\n  <\/form>\n<\/div>\n\n<!-- LIBRER\u00cdAS -->\n<link href=\"https:\/\/fonts.googleapis.com\/icon?family=Material+Icons\" rel=\"stylesheet\">\n<link href=\"https:\/\/fonts.googleapis.com\/css2?family=Libre+Bodoni:wght@400;600&display=swap\" rel=\"stylesheet\">\n<link rel=\"stylesheet\" href=\"https:\/\/code.jquery.com\/ui\/1.11.4\/themes\/smoothness\/jquery-ui.css\">\n<script src=\"https:\/\/ajax.googleapis.com\/ajax\/libs\/jquery\/1.11.3\/jquery.min.js\"><\/script>\n<script src=\"https:\/\/code.jquery.com\/ui\/1.11.4\/jquery-ui.js\"><\/script>\n\n<!-- LOCALIZACI\u00d3N EN ESPA\u00d1OL -->\n<script>\n  $.datepicker.regional['es'] = {\n    closeText: 'Cerrar',\n    prevText: '< Ant',\n    nextText: 'Sig >',\n    currentText: 'Hoy',\n    monthNames: ['Enero','Febrero','Marzo','Abril','Mayo','Junio',\n      'Julio','Agosto','Septiembre','Octubre','Noviembre','Diciembre'],\n    monthNamesShort: ['Ene','Feb','Mar','Abr','May','Jun',\n      'Jul','Ago','Sep','Oct','Nov','Dic'],\n    dayNames: ['Domingo','Lunes','Martes','Mi\u00e9rcoles','Jueves','Viernes','S\u00e1bado'],\n    dayNamesShort: ['Dom','Lun','Mar','Mi\u00e9','Jue','Vie','S\u00e1b'],\n    dayNamesMin: ['Do','Lu','Ma','Mi','Ju','Vi','Sa'],\n    weekHeader: 'Sm',\n    dateFormat: 'dd-mm-yy',\n    firstDay: 1,\n    isRTL: false,\n    showMonthAfterYear: false,\n    yearSuffix: ''\n  };\n  $.datepicker.setDefaults($.datepicker.regional['es']);\n<\/script>\n\n<!-- ESTILOS -->\n<style>\n  .avirato_form {\n    width: 100%;\n    padding: 10px 0;\n    background: rgba(28, 51, 92, 0.9);\n    font-family: 'Libre Bodoni', serif;\n    color: #D4AF70;\n    display: flex;\n    justify-content: center;\n  }\n\n  .avirato_form .row {\n    width: 95%;\n    max-width: 1200px;\n    display: flex;\n    gap: 10px;\n    align-items: center;\n    flex-wrap: wrap;\n  }\n\n  .field-container {\n    position: relative;\n    flex: 1;\n    min-width: 200px;\n  }\n\n  .avirato_form input[type=\"text\"] {\n    width: 100%;\n    padding: 10px 40px 10px 10px;\n    font-size: 16px;\n    border: none;\n    border-radius: 5px;\n    background: #fff;\n    color: #1C335C;\n    font-weight: bold;\n    font-family: 'Libre Bodoni', serif;\n  }\n\n  .iconAv {\n    position: absolute;\n    right: 10px;\n    top: 50%;\n    transform: translateY(-50%);\n    color: #D4AF70;\n    pointer-events: none;\n  }\n\n  .avirato_form .btn {\n    background-color: #D4AF70;\n    color: #1C335C;\n    font-weight: bold;\n    border: none;\n    border-radius: 5px;\n    padding: 10px 20px;\n    font-size: 16px;\n    cursor: pointer;\n    white-space: nowrap;\n    transition: background-color 0.3s;\n    font-family: 'Libre Bodoni', serif;\n  }\n\n  .avirato_form .btn:hover {\n    background-color: #b8924f;\n  }\n\n  @media (max-width: 768px) {\n    .avirato_form .row {\n      flex-direction: column;\n    }\n\n    .avirato_form .btn {\n      width: 100%;\n    }\n  }\n<\/style>\n\n<!-- JS para activar el calendario -->\n<script>\n  $(function () {\n    $(\"#date-picker-1, #date-picker-2\").datepicker({\n      minDate: 0\n    });\n  });\n<\/script>\n\t\t\t\t<\/div>\n\t\t\t\t<\/div>\n\t\t\t\t\t<\/div>\n\t\t\t\t<\/div>\n\t\t<div class=\"elementor-element elementor-element-6a195b5 e-flex e-con-boxed e-con e-parent\" data-id=\"6a195b5\" data-element_type=\"container\">\n\t\t\t\t\t<div class=\"e-con-inner\">\n\t\t\t\t<div class=\"elementor-element elementor-element-274dbd1 elementor-widget-divider--view-line elementor-widget elementor-widget-divider\" data-id=\"274dbd1\" data-element_type=\"widget\" data-widget_type=\"divider.default\">\n\t\t\t\t<div class=\"elementor-widget-container\">\n\t\t\t\t\t\t\t<div class=\"elementor-divider\">\n\t\t\t<span class=\"elementor-divider-separator\">\n\t\t\t\t\t\t<\/span>\n\t\t<\/div>\n\t\t\t\t\t\t<\/div>\n\t\t\t\t<\/div>\n\t\t\t\t\t<\/div>\n\t\t\t\t<\/div>\n\t\t<div class=\"elementor-element elementor-element-d4603c3 e-flex e-con-boxed e-con e-parent\" data-id=\"d4603c3\" data-element_type=\"container\">\n\t\t\t\t\t<div class=\"e-con-inner\">\n\t\t<div class=\"elementor-element elementor-element-4e25264 e-con-full e-flex e-con e-child\" data-id=\"4e25264\" data-element_type=\"container\">\n\t\t\t\t<div class=\"elementor-element elementor-element-226f580 elementor-widget elementor-widget-image\" data-id=\"226f580\" data-element_type=\"widget\" data-widget_type=\"image.default\">\n\t\t\t\t<div class=\"elementor-widget-container\">\n\t\t\t\t\t\t\t\t\t\t\t\t\t\t\t<img fetchpriority=\"high\" decoding=\"async\" width=\"800\" height=\"600\" src=\"https:\/\/rio.pensionsarria.com\/wp-content\/uploads\/2025\/05\/IMG_9347-1024x768.jpg\" class=\"attachment-large size-large wp-image-238\" alt=\"\" srcset=\"https:\/\/rio.pensionsarria.com\/wp-content\/uploads\/2025\/05\/IMG_9347-1024x768.jpg 1024w, https:\/\/rio.pensionsarria.com\/wp-content\/uploads\/2025\/05\/IMG_9347-300x225.jpg 300w, https:\/\/rio.pensionsarria.com\/wp-content\/uploads\/2025\/05\/IMG_9347-768x576.jpg 768w, https:\/\/rio.pensionsarria.com\/wp-content\/uploads\/2025\/05\/IMG_9347-1536x1152.jpg 1536w, https:\/\/rio.pensionsarria.com\/wp-content\/uploads\/2025\/05\/IMG_9347-2048x1536.jpg 2048w\" sizes=\"(max-width: 800px) 100vw, 800px\" \/>\t\t\t\t\t\t\t\t\t\t\t\t\t\t\t<\/div>\n\t\t\t\t<\/div>\n\t\t\t\t<div class=\"elementor-element elementor-element-8363eca elementor-widget elementor-widget-heading\" data-id=\"8363eca\" data-element_type=\"widget\" data-widget_type=\"heading.default\">\n\t\t\t\t<div class=\"elementor-widget-container\">\n\t\t\t\t\t<h2 class=\"elementor-heading-title elementor-size-default\">Naturaleza y descanso<\/h2>\t\t\t\t<\/div>\n\t\t\t\t<\/div>\n\t\t\t\t<div class=\"elementor-element elementor-element-01faa42 elementor-widget elementor-widget-text-editor\" data-id=\"01faa42\" data-element_type=\"widget\" data-widget_type=\"text-editor.default\">\n\t\t\t\t<div class=\"elementor-widget-container\">\n\t\t\t\t\t\t\t\t\t<p><span style=\"font-family: 'Libre Bodoni', sans-serif; text-align: center; color: #575147;\">Situada en Sarria, el principal punto de partida del <strong>Camino Franc\u00e9s<\/strong>, nuestra pensi\u00f3n ofrece una acogedora estancia, rodeada de un paisaje verde y junto a la orilla del r\u00edo. El lugar perfecto para descansar y reponer fuerzas antes de comenzar tu peregrinaje.<\/span><\/p>\t\t\t\t\t\t\t\t<\/div>\n\t\t\t\t<\/div>\n\t\t\t\t<\/div>\n\t\t<div class=\"elementor-element elementor-element-9bf8e00 e-con-full e-flex e-con e-child\" data-id=\"9bf8e00\" data-element_type=\"container\">\n\t\t\t\t<div class=\"elementor-element elementor-element-00f5145 elementor-widget elementor-widget-image\" data-id=\"00f5145\" data-element_type=\"widget\" data-widget_type=\"image.default\">\n\t\t\t\t<div class=\"elementor-widget-container\">\n\t\t\t\t\t\t\t\t\t\t\t\t\t\t\t<img decoding=\"async\" width=\"800\" height=\"600\" src=\"https:\/\/rio.pensionsarria.com\/wp-content\/uploads\/2025\/05\/IMG_9363-1024x768.jpg\" class=\"attachment-large size-large wp-image-250\" alt=\"\" srcset=\"https:\/\/rio.pensionsarria.com\/wp-content\/uploads\/2025\/05\/IMG_9363-1024x768.jpg 1024w, https:\/\/rio.pensionsarria.com\/wp-content\/uploads\/2025\/05\/IMG_9363-300x225.jpg 300w, https:\/\/rio.pensionsarria.com\/wp-content\/uploads\/2025\/05\/IMG_9363-768x576.jpg 768w, https:\/\/rio.pensionsarria.com\/wp-content\/uploads\/2025\/05\/IMG_9363-1536x1152.jpg 1536w, https:\/\/rio.pensionsarria.com\/wp-content\/uploads\/2025\/05\/IMG_9363-2048x1536.jpg 2048w\" sizes=\"(max-width: 800px) 100vw, 800px\" \/>\t\t\t\t\t\t\t\t\t\t\t\t\t\t\t<\/div>\n\t\t\t\t<\/div>\n\t\t\t\t<div class=\"elementor-element elementor-element-5fc21fd elementor-widget elementor-widget-heading\" data-id=\"5fc21fd\" data-element_type=\"widget\" data-widget_type=\"heading.default\">\n\t\t\t\t<div class=\"elementor-widget-container\">\n\t\t\t\t\t<h2 class=\"elementor-heading-title elementor-size-default\">En el coraz\u00f3n de Sarria<\/h2>\t\t\t\t<\/div>\n\t\t\t\t<\/div>\n\t\t\t\t<div class=\"elementor-element elementor-element-ba7326f elementor-widget elementor-widget-text-editor\" data-id=\"ba7326f\" data-element_type=\"widget\" data-widget_type=\"text-editor.default\">\n\t\t\t\t<div class=\"elementor-widget-container\">\n\t\t\t\t\t\t\t\t\t<p><span style=\"font-family: 'Libre Bodoni', sans-serif; text-align: center; color: #575147;\">Ubicada en un lugar privilegiado, combinando la <strong>tranquilidad<\/strong> de un entorno natural con la <strong>vitalidad<\/strong> del centro urbano, ofreciendo descanso y cercan\u00eda a todos los servicios y atractivos de la ciudad.<\/span><\/p>\t\t\t\t\t\t\t\t<\/div>\n\t\t\t\t<\/div>\n\t\t\t\t<\/div>\n\t\t<div class=\"elementor-element elementor-element-631d576 e-con-full e-flex e-con e-child\" data-id=\"631d576\" data-element_type=\"container\">\n\t\t\t\t<div class=\"elementor-element elementor-element-664967c elementor-widget elementor-widget-image\" data-id=\"664967c\" data-element_type=\"widget\" data-widget_type=\"image.default\">\n\t\t\t\t<div class=\"elementor-widget-container\">\n\t\t\t\t\t\t\t\t\t\t\t\t\t\t\t<img decoding=\"async\" width=\"800\" height=\"600\" src=\"https:\/\/rio.pensionsarria.com\/wp-content\/uploads\/2025\/05\/IMG_9346-1024x768.jpg\" class=\"attachment-large size-large wp-image-237\" alt=\"\" srcset=\"https:\/\/rio.pensionsarria.com\/wp-content\/uploads\/2025\/05\/IMG_9346-1024x768.jpg 1024w, https:\/\/rio.pensionsarria.com\/wp-content\/uploads\/2025\/05\/IMG_9346-300x225.jpg 300w, https:\/\/rio.pensionsarria.com\/wp-content\/uploads\/2025\/05\/IMG_9346-768x576.jpg 768w, https:\/\/rio.pensionsarria.com\/wp-content\/uploads\/2025\/05\/IMG_9346-1536x1152.jpg 1536w, https:\/\/rio.pensionsarria.com\/wp-content\/uploads\/2025\/05\/IMG_9346-2048x1536.jpg 2048w\" sizes=\"(max-width: 800px) 100vw, 800px\" \/>\t\t\t\t\t\t\t\t\t\t\t\t\t\t\t<\/div>\n\t\t\t\t<\/div>\n\t\t\t\t<div class=\"elementor-element elementor-element-85b9215 elementor-widget elementor-widget-heading\" data-id=\"85b9215\" data-element_type=\"widget\" data-widget_type=\"heading.default\">\n\t\t\t\t<div class=\"elementor-widget-container\">\n\t\t\t\t\t<h2 class=\"elementor-heading-title elementor-size-default\">Habitaciones<\/h2>\t\t\t\t<\/div>\n\t\t\t\t<\/div>\n\t\t\t\t<div class=\"elementor-element elementor-element-c839640 elementor-widget elementor-widget-text-editor\" data-id=\"c839640\" data-element_type=\"widget\" data-widget_type=\"text-editor.default\">\n\t\t\t\t<div class=\"elementor-widget-container\">\n\t\t\t\t\t\t\t\t\t<p><span style=\"font-family: 'Libre Bodoni', sans-serif; text-align: center; color: #575147;\">En Pensi\u00f3n R\u00edo Sarria disponemos de <strong>5 tipos de habitaciones<\/strong>, tanto con camas individuales, dobles o matrimoniales, contando estas dos \u00faltimas con posibilidad de ba\u00f1o privado o compartido.<\/span><\/p><p><span style=\"color: #575147; font-family: Libre Bodoni, sans-serif;\">\u00a1Ven y desc\u00fabrelas!<\/span><\/p>\t\t\t\t\t\t\t\t<\/div>\n\t\t\t\t<\/div>\n\t\t\t\t<\/div>\n\t\t\t\t\t<\/div>\n\t\t\t\t<\/div>\n\t\t<div class=\"elementor-element elementor-element-18b926f e-flex e-con-boxed e-con e-parent\" data-id=\"18b926f\" data-element_type=\"container\">\n\t\t\t\t\t<div class=\"e-con-inner\">\n\t\t\t\t<div class=\"elementor-element elementor-element-f31b42c elementor-widget-divider--view-line_text elementor-widget-divider--element-align-center elementor-widget elementor-widget-divider\" data-id=\"f31b42c\" data-element_type=\"widget\" data-widget_type=\"divider.default\">\n\t\t\t\t<div class=\"elementor-widget-container\">\n\t\t\t\t\t\t\t<div class=\"elementor-divider\">\n\t\t\t<span class=\"elementor-divider-separator\">\n\t\t\t\t\t\t\t<span class=\"elementor-divider__text elementor-divider__element\">\n\t\t\t\tNuestros servicios\t\t\t\t<\/span>\n\t\t\t\t\t\t<\/span>\n\t\t<\/div>\n\t\t\t\t\t\t<\/div>\n\t\t\t\t<\/div>\n\t\t\t\t\t<\/div>\n\t\t\t\t<\/div>\n\t\t<div class=\"elementor-element elementor-element-61c2b0d e-flex e-con-boxed e-con e-parent\" data-id=\"61c2b0d\" data-element_type=\"container\">\n\t\t\t\t\t<div class=\"e-con-inner\">\n\t\t<div class=\"elementor-element elementor-element-91dc949 e-con-full e-flex e-con e-child\" data-id=\"91dc949\" data-element_type=\"container\">\n\t\t\t\t<div class=\"elementor-element elementor-element-9261ecc elementor-view-default elementor-position-top elementor-mobile-position-top elementor-widget elementor-widget-icon-box\" data-id=\"9261ecc\" data-element_type=\"widget\" data-widget_type=\"icon-box.default\">\n\t\t\t\t<div class=\"elementor-widget-container\">\n\t\t\t\t\t\t\t<div class=\"elementor-icon-box-wrapper\">\n\n\t\t\t\t\t\t<div class=\"elementor-icon-box-icon\">\n\t\t\t\t<span  class=\"elementor-icon\">\n\t\t\t\t<svg aria-hidden=\"true\" class=\"e-font-icon-svg e-fas-wifi\" viewBox=\"0 0 640 512\" xmlns=\"http:\/\/www.w3.org\/2000\/svg\"><path d=\"M634.91 154.88C457.74-8.99 182.19-8.93 5.09 154.88c-6.66 6.16-6.79 16.59-.35 22.98l34.24 33.97c6.14 6.1 16.02 6.23 22.4.38 145.92-133.68 371.3-133.71 517.25 0 6.38 5.85 16.26 5.71 22.4-.38l34.24-33.97c6.43-6.39 6.3-16.82-.36-22.98zM320 352c-35.35 0-64 28.65-64 64s28.65 64 64 64 64-28.65 64-64-28.65-64-64-64zm202.67-83.59c-115.26-101.93-290.21-101.82-405.34 0-6.9 6.1-7.12 16.69-.57 23.15l34.44 33.99c6 5.92 15.66 6.32 22.05.8 83.95-72.57 209.74-72.41 293.49 0 6.39 5.52 16.05 5.13 22.05-.8l34.44-33.99c6.56-6.46 6.33-17.06-.56-23.15z\"><\/path><\/svg>\t\t\t\t<\/span>\n\t\t\t<\/div>\n\t\t\t\n\t\t\t\t\t\t<div class=\"elementor-icon-box-content\">\n\n\t\t\t\t\t\t\t\t\t<h3 class=\"elementor-icon-box-title\">\n\t\t\t\t\t\t<span  >\n\t\t\t\t\t\t\tWifi gratuito\t\t\t\t\t\t<\/span>\n\t\t\t\t\t<\/h3>\n\t\t\t\t\n\t\t\t\t\t\t\t\t\t<p class=\"elementor-icon-box-description\">\n\t\t\t\t\t\t<span style=\"color: rgb(87, 81, 71); font-family: &quot;Libre Bodoni&quot;, sans-serif; white-space-collapse: collapse;\">Conexi\u00f3n gratu\u00edta a Internet en toda la pensi\u00f3n<\/span>\t\t\t\t\t<\/p>\n\t\t\t\t\n\t\t\t<\/div>\n\t\t\t\n\t\t<\/div>\n\t\t\t\t\t\t<\/div>\n\t\t\t\t<\/div>\n\t\t\t\t<\/div>\n\t\t<div class=\"elementor-element elementor-element-b955bc9 e-con-full e-flex e-con e-child\" data-id=\"b955bc9\" data-element_type=\"container\">\n\t\t\t\t<div class=\"elementor-element elementor-element-964d7a0 elementor-view-default elementor-position-top elementor-mobile-position-top elementor-widget elementor-widget-icon-box\" data-id=\"964d7a0\" data-element_type=\"widget\" data-widget_type=\"icon-box.default\">\n\t\t\t\t<div class=\"elementor-widget-container\">\n\t\t\t\t\t\t\t<div class=\"elementor-icon-box-wrapper\">\n\n\t\t\t\t\t\t<div class=\"elementor-icon-box-icon\">\n\t\t\t\t<span  class=\"elementor-icon\">\n\t\t\t\t<svg aria-hidden=\"true\" class=\"e-font-icon-svg e-far-clock\" viewBox=\"0 0 512 512\" xmlns=\"http:\/\/www.w3.org\/2000\/svg\"><path d=\"M256 8C119 8 8 119 8 256s111 248 248 248 248-111 248-248S393 8 256 8zm0 448c-110.5 0-200-89.5-200-200S145.5 56 256 56s200 89.5 200 200-89.5 200-200 200zm61.8-104.4l-84.9-61.7c-3.1-2.3-4.9-5.9-4.9-9.7V116c0-6.6 5.4-12 12-12h32c6.6 0 12 5.4 12 12v141.7l66.8 48.6c5.4 3.9 6.5 11.4 2.6 16.8L334.6 349c-3.9 5.3-11.4 6.5-16.8 2.6z\"><\/path><\/svg>\t\t\t\t<\/span>\n\t\t\t<\/div>\n\t\t\t\n\t\t\t\t\t\t<div class=\"elementor-icon-box-content\">\n\n\t\t\t\t\t\t\t\t\t<h3 class=\"elementor-icon-box-title\">\n\t\t\t\t\t\t<span  >\n\t\t\t\t\t\t\tRecepci\u00f3n online 24h\t\t\t\t\t\t<\/span>\n\t\t\t\t\t<\/h3>\n\t\t\t\t\n\t\t\t\t\t\t\t\t\t<p class=\"elementor-icon-box-description\">\n\t\t\t\t\t\t<span style=\"color: rgb(87, 81, 71); font-family: &quot;Libre Bodoni&quot;, sans-serif; white-space-collapse: collapse;\">Recepci\u00f3n disponible para consultas durante las 24 horas del d\u00eda<\/span>\t\t\t\t\t<\/p>\n\t\t\t\t\n\t\t\t<\/div>\n\t\t\t\n\t\t<\/div>\n\t\t\t\t\t\t<\/div>\n\t\t\t\t<\/div>\n\t\t\t\t<\/div>\n\t\t<div class=\"elementor-element elementor-element-23d3aa1 e-con-full e-flex e-con e-child\" data-id=\"23d3aa1\" data-element_type=\"container\">\n\t\t\t\t<div class=\"elementor-element elementor-element-6bfb5d6 elementor-view-default elementor-position-top elementor-mobile-position-top elementor-widget elementor-widget-icon-box\" data-id=\"6bfb5d6\" data-element_type=\"widget\" data-widget_type=\"icon-box.default\">\n\t\t\t\t<div class=\"elementor-widget-container\">\n\t\t\t\t\t\t\t<div class=\"elementor-icon-box-wrapper\">\n\n\t\t\t\t\t\t<div class=\"elementor-icon-box-icon\">\n\t\t\t\t<span  class=\"elementor-icon\">\n\t\t\t\t<svg aria-hidden=\"true\" class=\"e-font-icon-svg e-fas-tv\" viewBox=\"0 0 640 512\" xmlns=\"http:\/\/www.w3.org\/2000\/svg\"><path d=\"M592 0H48A48 48 0 0 0 0 48v320a48 48 0 0 0 48 48h240v32H112a16 16 0 0 0-16 16v32a16 16 0 0 0 16 16h416a16 16 0 0 0 16-16v-32a16 16 0 0 0-16-16H352v-32h240a48 48 0 0 0 48-48V48a48 48 0 0 0-48-48zm-16 352H64V64h512z\"><\/path><\/svg>\t\t\t\t<\/span>\n\t\t\t<\/div>\n\t\t\t\n\t\t\t\t\t\t<div class=\"elementor-icon-box-content\">\n\n\t\t\t\t\t\t\t\t\t<h3 class=\"elementor-icon-box-title\">\n\t\t\t\t\t\t<span  >\n\t\t\t\t\t\t\tTelevisi\u00f3n\t\t\t\t\t\t<\/span>\n\t\t\t\t\t<\/h3>\n\t\t\t\t\n\t\t\t\t\t\t\t\t\t<p class=\"elementor-icon-box-description\">\n\t\t\t\t\t\t<span style=\"color: rgb(87, 81, 71); font-family: &quot;Libre Bodoni&quot;, sans-serif; white-space-collapse: collapse;\">Televisi\u00f3n de alta definici\u00f3n en todas las habitaciones de la pensi\u00f3n<\/span>\t\t\t\t\t<\/p>\n\t\t\t\t\n\t\t\t<\/div>\n\t\t\t\n\t\t<\/div>\n\t\t\t\t\t\t<\/div>\n\t\t\t\t<\/div>\n\t\t\t\t<\/div>\n\t\t\t\t\t<\/div>\n\t\t\t\t<\/div>\n\t\t\t\t<\/div>\n\t\t","protected":false},"excerpt":{"rendered":"<p>Bienvenido\/a Tu pensi\u00f3n en Sarria event event Naturaleza y descanso Situada en Sarria, el principal punto de partida del Camino Franc\u00e9s, nuestra pensi\u00f3n ofrece una acogedora estancia, rodeada de un paisaje verde y junto a la orilla del r\u00edo. El lugar perfecto para descansar y reponer fuerzas antes de comenzar tu peregrinaje. En el coraz\u00f3n [&hellip;]<\/p>\n","protected":false},"author":1,"featured_media":0,"parent":0,"menu_order":0,"comment_status":"closed","ping_status":"closed","template":"","meta":{"footnotes":""},"class_list":["post-18","page","type-page","status-publish","hentry"],"_links":{"self":[{"href":"https:\/\/rio.pensionsarria.com\/index.php\/wp-json\/wp\/v2\/pages\/18","targetHints":{"allow":["GET"]}}],"collection":[{"href":"https:\/\/rio.pensionsarria.com\/index.php\/wp-json\/wp\/v2\/pages"}],"about":[{"href":"https:\/\/rio.pensionsarria.com\/index.php\/wp-json\/wp\/v2\/types\/page"}],"author":[{"embeddable":true,"href":"https:\/\/rio.pensionsarria.com\/index.php\/wp-json\/wp\/v2\/users\/1"}],"replies":[{"embeddable":true,"href":"https:\/\/rio.pensionsarria.com\/index.php\/wp-json\/wp\/v2\/comments?post=18"}],"version-history":[{"count":69,"href":"https:\/\/rio.pensionsarria.com\/index.php\/wp-json\/wp\/v2\/pages\/18\/revisions"}],"predecessor-version":[{"id":381,"href":"https:\/\/rio.pensionsarria.com\/index.php\/wp-json\/wp\/v2\/pages\/18\/revisions\/381"}],"wp:attachment":[{"href":"https:\/\/rio.pensionsarria.com\/index.php\/wp-json\/wp\/v2\/media?parent=18"}],"curies":[{"name":"wp","href":"https:\/\/api.w.org\/{rel}","templated":true}]}}