{"id":172,"date":"2025-05-02T07:40:40","date_gmt":"2025-05-02T07:40:40","guid":{"rendered":"https:\/\/rio.pensionsarria.com\/?page_id=172"},"modified":"2025-05-02T07:40:40","modified_gmt":"2025-05-02T07:40:40","slug":"politica-de-privacidad","status":"publish","type":"page","link":"https:\/\/rio.pensionsarria.com\/index.php\/politica-de-privacidad\/","title":{"rendered":"Pol\u00edtica de Privacidad"},"content":{"rendered":"\t\t<div data-elementor-type=\"wp-page\" data-elementor-id=\"172\" class=\"elementor elementor-172\" data-elementor-post-type=\"page\">\n\t\t\t\t<div class=\"elementor-element elementor-element-78ea0ea e-flex e-con-boxed e-con e-parent\" data-id=\"78ea0ea\" data-element_type=\"container\">\n\t\t\t\t\t<div class=\"e-con-inner\">\n\t\t\t\t<div class=\"elementor-element elementor-element-b0f07c7 elementor-widget elementor-widget-text-editor\" data-id=\"b0f07c7\" data-element_type=\"widget\" data-widget_type=\"text-editor.default\">\n\t\t\t\t<div class=\"elementor-widget-container\">\n\t\t\t\t\t\t\t\t\t<p>De conformidad con lo establecido en la legislaci\u00f3n vigente sobre protecci\u00f3n de datos, el\u00a0Reglamento (UE) 2016\/679, del Parlamento Europeo y del Consejo, de 27 de abril de 2016, relativo a la protecci\u00f3n de las personas f\u00edsicas en lo que respecto al tratamiento de datos personales y a la libre circulaci\u00f3n de estos datos\u00a0(en adelante, RGPD), as\u00ed como en la\u00a0Ley Org\u00e1nica 3\/2018, de 5 de diciembre, de Protecci\u00f3n de Datos y garant\u00eda de los derechos digitales\u00a0(en adelante, LOPD-GDD), se informa al usuario de conformidad con lo establecido en los art\u00edculos 13 del RGPD y 11 de la LOPD-GDD:<\/p><p>Mediante el presente aviso, EL RESPONSABLE: Pensi\u00f3n Sarria SLU con CIF B13991229, con domicilio en R\u00faa da Liberdade, N\u00ba109 \u2013 27600 \u2013 Sarria (Lugo), informa a los usuarios del sitio Web de su pol\u00edtica de privacidad.<\/p><p>La utilizaci\u00f3n del sitio Web de Pensi\u00f3n Sarria SLU y de cualquiera de los servicios que se incorporan en \u00e9l, supone la plena aceptaci\u00f3n de las condiciones que se manifiestan en la pol\u00edtica de privacidad que se expone.<\/p><p style=\"background-image: initial; background-position: initial; background-size: initial; background-repeat: initial; background-attachment: initial; background-origin: initial; background-clip: initial; margin: 15pt -14.25pt 15pt 0cm; line-height: normal; font-size: 11pt; font-family: Calibri, sans-serif; text-align: justify; vertical-align: baseline;\"><span style=\"font-size: 14pt; font-family: 'Calibri Light', sans-serif;\">1.- RECOGIDA DE DATOS<\/span><\/p><p><span style=\"text-align: var(--text-align); font-size: 1rem;\">Con arreglo a la legislaci\u00f3n vigente, se informa que los datos de car\u00e1cter personal que se solicitan en nuestros formularios se incluir\u00e1n en un fichero de datos personales cuyo responsable y titular es Pensi\u00f3n Sarria SLU. Asimismo, al rellenar cualquiera de los formularios con los datos personales que se solicitan y aceptar su env\u00edo, se autoriza expresamente a Pensi\u00f3n Sarria SLU a tratar o incorporar en sus ficheros automatizados los datos personales facilitados a trav\u00e9s de los referidos formularios, as\u00ed como todos los datos que se generen en relaci\u00f3n con su participaci\u00f3n o uso de los diferentes servicios que se ofrecen en este sitio Web.<\/span><\/p><p>Salvo que expresamente se indique lo contrario en el momento de recabarlos, todos los datos personales que se recaben son de obligada aportaci\u00f3n al ser elementos indispensables para la gesti\u00f3n, mantenimiento y control de nuestra relaci\u00f3n contractual. La no facilitaci\u00f3n de aqu\u00e9llos llevar\u00e1 aparejada la imposibilidad de tramitar su solicitud o prestarle el servicio contratado. Los datos personales se recabar\u00e1n exclusivamente para las finalidades indicadas en la presente Pol\u00edtica de Privacidad.<\/p><p>El usuario deber\u00e1 rellenar los formularios con datos verdaderos, exactos, completos y actualizados, siendo \u00e9ste el \u00fanico responsable de cualquier da\u00f1o o perjuicio, directo e indirecto, que ocasione al alojamiento o a cualquier tercero a causa de rellenar los formularios con datos falsos, inexactos, incompletos o no actualizados o con datos de terceros. Usted se compromete a comunicar cualquier modificaci\u00f3n que se produjera en los mismos de acuerdo con el procedimiento establecido en el apartado 4.<\/p><p style=\"background-image: initial; background-position: initial; background-size: initial; background-repeat: initial; background-attachment: initial; background-origin: initial; background-clip: initial; margin: 15pt -14.25pt 15pt 0cm; line-height: normal; font-size: 11pt; font-family: Calibri, sans-serif; text-align: justify; vertical-align: baseline;\"><span style=\"font-size: 14pt; font-family: 'Calibri Light', sans-serif;\">2.- FINALIDADES DEL TRATAMIENTO<\/span><\/p><p><span style=\"text-align: var(--text-align); font-size: 1rem;\">Los datos facilitados nunca ser\u00e1n usados para un fin distinto de aqu\u00e9l para el que han sido cedidos, y ser\u00e1n inmediatamente cancelados cuando dejen de ser necesarios para tal fin, excepto cuando una ley establezca otra cosa, respecto a:<\/span><\/p><ul><li><b><strong>La relaci\u00f3n contractual:<\/strong><\/b>\u00a0Gestionar la reserva que usted realice y tramitar su solicitud de registro como cliente de Pensi\u00f3n Sarria SLU y la posterior relaci\u00f3n comercial. En aquellos casos en que sea necesario se podr\u00e1n recopilar datos adicionales como edad de los hu\u00e9spedes o datos sanitarios si fuera necesario tenerlo en cuenta para la preparaci\u00f3n de la estancia (cunas para bebes, al\u00e9rgenos alimentarios\u2026)<\/li><\/ul><p>Gestionar las obligaciones derivadas de la contrataci\u00f3n de los productos o servicios prestados por Pensi\u00f3n Sarria SLU.<\/p><p>Proceder al cobro de las cantidades debidas cuando se produzca la cancelaci\u00f3n de una reserva fuera de los plazos, en su caso, habilitados a tal efecto.<\/p><ul><li><b><strong>Las obligaciones legales<\/strong><\/b>\u00a0de comunicaci\u00f3n a autoridades p\u00fablicas, reguladores u \u00f3rganos gubernamentales qu\u00e9 por medio de una ley, normativas legales u obligaciones regulatorias, Pensi\u00f3n Sarria SLU deba de realizar.<\/li><\/ul><ul><li><b><strong>Al inter\u00e9s de Pensi\u00f3n Sarria SLU:<\/strong><\/b>\u00a0Realizar acciones o comunicaciones comerciales y\/o publicitarias relacionadas con productos o servicios similares a los contratados con Pensi\u00f3n Sarria SLU.<\/li><\/ul><p>Realizar encuestas de satisfacci\u00f3n relacionadas con los productos y\/o servicios por Usted contratados, con la finalidad de evaluar su satisfacci\u00f3n con el mismo, a efectos de mejorar procesos y servicios de Pensi\u00f3n Sarria SLU.<\/p><p style=\"background-image: initial; background-position: initial; background-size: initial; background-repeat: initial; background-attachment: initial; background-origin: initial; background-clip: initial; margin: 15pt -14.25pt 15pt 0cm; line-height: normal; font-size: 11pt; font-family: Calibri, sans-serif; text-align: justify; vertical-align: baseline;\"><span style=\"font-size: 14pt; font-family: 'Calibri Light', sans-serif;\">3. DESTINATARIOS<\/span><\/p><p>Conforme a lo establecido en el punto 2, Pensi\u00f3n Sarria SLU podr\u00e1 comunicar sus datos personales a las siguientes entidades:<\/p><p>Autoridades p\u00fablicas, reguladores u \u00f3rganos gubernamentales o jurisdiccionales en aquellos supuestos en que es necesario hacerlo por ley, normativa local o en el cumplimiento de obligaciones regulatorias.<\/p><p>Terceras entidades con las que Pensi\u00f3n Sarria SLU tiene contratada prestaci\u00f3n de servicios, a t\u00edtulo enunciativo y no limitativo: asesoramiento jur\u00eddico y\/o contable, empresas prestadoras de servicios complementarios, empresas proveedoras de servicios tecnol\u00f3gicos, empresas proveedoras de servicios inform\u00e1ticos\u2026<\/p><p><span style=\"font-family: 'Calibri Light', sans-serif; font-size: 18.6667px; text-align: justify;\">4. DERECHOS DEL INTERESADO<\/span><\/p><p>Los consentimientos prestados en los supuestos previstos en el presente acto podr\u00e1n ser revocados por Usted en cualquier momento, a su simple solicitud. Las personas interesadas tienen derecho a:<\/p><ul><li>Solicitar el acceso a los datos personales relativos al interesado<\/li><li>Solicitar su rectificaci\u00f3n o supresi\u00f3n<\/li><li>Solicitar la limitaci\u00f3n de su tratamiento<\/li><li>Oponerse al tratamiento<\/li><li>Solicitar la portabilidad de los datos<\/li><\/ul><p>Para ello deber\u00e1 de dirigirse a Pensi\u00f3n Sarria SLU trav\u00e9s del correo electr\u00f3nico o por comunicaci\u00f3n escrita y firmada (adjuntando copia del DNI u otro documento identificativo equivalente) dirigida al responsable del fichero, Pensi\u00f3n Sarria SLU, R\u00faa da Liberdade, N\u00ba109 \u2013 27600 \u2013 Sarria (Lugo).<\/p><p>Si considera que Pensi\u00f3n Sarria SLU no ha respetado alguno de los derechos anteriormente mencionados, usted tendr\u00e1 derecho a presentar una reclamaci\u00f3n ante la Agencia Espa\u00f1ola de Protecci\u00f3n de Datos.<\/p><p><span style=\"font-family: 'Calibri Light', sans-serif; font-size: 18.6667px; text-align: justify;\">5. CONSERVACI\u00d3N<\/span><\/p><p><span style=\"font-size: 1rem; text-align: var(--text-align); background-color: transparent;\">Sus datos personales ser\u00e1n conservados durante todo el tiempo que dure la relaci\u00f3n contractual entre usted y Pensi\u00f3n Sarria SLU y mientras puedan derivarse responsabilidades de la ejecuci\u00f3n de la relaci\u00f3n contractual, as\u00ed como para el cumplimiento de otras obligaciones legales a cargo de Pensi\u00f3n Sarria SLU<\/span><\/p><p><span style=\"font-family: 'Calibri Light', sans-serif; font-size: 18.6667px; text-align: justify;\">6. SEGURIDAD<\/span><span style=\"font-size: 1rem; text-align: var(--text-align); background-color: transparent;\"><br \/><\/span><\/p><p>Pensi\u00f3n Sarria SLU, ha adoptado los niveles de seguridad de protecci\u00f3n de datos personales legalmente requeridos y ha instalado los medios y medidas t\u00e9cnicas a su alcance para evitar la p\u00e9rdida, el mal uso, la alteraci\u00f3n y el acceso no autorizado a los datos personales facilitados.<\/p><p><span style=\"font-family: 'Calibri Light', sans-serif; font-size: 18.6667px; text-align: justify;\">7. COOKIES<\/span><\/p><p>Mediante este aviso, Pensi\u00f3n Sarria SLU, comunica a los usuarios que utiliza cookies cuando el usuario navega por las distintas pantallas y p\u00e1ginas de la Web. Las cookies utilizadas por Pensi\u00f3n Sarria SLU, son almacenadas en el disco duro del usuario, pero no pueden leer los datos contenidos en \u00e9l ni leer los archivos cookie creados por otros proveedores. Pensi\u00f3n Sarria SLU, utiliza las cookies con el objeto de reconocer a los usuarios que se hayan registrado y poder ofrecerles un mejor servicio y m\u00e1s personalizado. Asimismo, son utilizadas para obtener informaci\u00f3n totalmente an\u00f3nima sobre datos de acceso (fecha, hora, minuto, frecuencia, etc.), para medir algunos par\u00e1metros de tr\u00e1fico dentro de la propia p\u00e1gina web y estimar el n\u00famero de visitas realizadas, de modo que Pensi\u00f3n Sarria SLU pueda enfocar y ajustar los servicios ofrecidos de forma m\u00e1s efectiva. No obstante, el usuario podr\u00e1 impedir la generaci\u00f3n de cookies mediante la opci\u00f3n correspondiente que tenga su programa navegador. En este caso, la p\u00e1gina web seguir\u00e1 siendo operativa, pero sin las ventajas de la personalizaci\u00f3n.<\/p><p><span style=\"font-family: 'Calibri Light', sans-serif; font-size: 18.6667px; text-align: justify;\">8. GOOGLE ANALYTICS<\/span><\/p><p>Nuestra p\u00e1gina web utiliza Google Analytics, un servicio anal\u00edtico de web prestado por Google, Inc., una compa\u00f1\u00eda de Delaware cuya oficina principal est\u00e1 en 1600 Amphitheatre Parkway, Mountain View (California), CA 94043, Estados Unidos (\u00abGoogle\u00bb). Google Analytics utiliza \u00abcookies\u00bb, que son archivos de texto ubicados en su ordenador, para ayudar al website a analizar el uso que hacen los usuarios del sitio web. La informaci\u00f3n que genera la cookie acerca de su uso del website (incluyendo su direcci\u00f3n IP) ser\u00e1 directamente transmitida y archivada por Google en los servidores de Estados Unidos. Google usar\u00e1 esta informaci\u00f3n por cuenta nuestra con el prop\u00f3sito de seguir la pista de su uso del website, recopilando informes de la actividad del website y prestando otros servicios relacionados con la actividad del website y el uso de Internet. Google podr\u00e1 transmitir dicha informaci\u00f3n a terceros cuando as\u00ed se lo requiera la legislaci\u00f3n, o cuando dichos terceros procesen la informaci\u00f3n por cuenta de Google. Google no asociar\u00e1 su direcci\u00f3n IP con ning\u00fan otro dato del que disponga Google. Puede Usted rechazar el tratamiento de los datos o la informaci\u00f3n rechazando el uso de cookies mediante la selecci\u00f3n de la configuraci\u00f3n apropiada de su navegador, sin embargo, debe Usted saber que si lo hace puede ser que no pueda usar la plena funcionabilidad de este website. Al utilizar este website, usted consiente el tratamiento de informaci\u00f3n acerca de usted por Google en la forma y para los fines arriba indicados.<\/p><p><span style=\"font-family: 'Calibri Light', sans-serif; font-size: 18.6667px; text-align: justify;\">9.- MODIFICACI\u00d3N DE LA PRESENTE POL\u00cdTICA DE PRIVACIDAD<\/span><\/p><p><span style=\"text-align: var(--text-align); font-size: 1rem;\">Pensi\u00f3n Sarria SLU, se reserva el derecho de modificar su pol\u00edtica de protecci\u00f3n de privacidad de acuerdo con su criterio, o a causa de un cambio legislativo o de jurisprudencia. Si Pensi\u00f3n Sarria SLU, introduce alguna modificaci\u00f3n, el nuevo texto ser\u00e1 publicado en esta misma p\u00e1gina, donde el usuario podr\u00e1 tener conocimiento de la pol\u00edtica de privacidad. En cualquier caso, la relaci\u00f3n con los usuarios se regir\u00e1 por las normas previstas en el momento preciso en el que se accede al sitio Web.<\/span><\/p>\t\t\t\t\t\t\t\t<\/div>\n\t\t\t\t<\/div>\n\t\t\t\t\t<\/div>\n\t\t\t\t<\/div>\n\t\t\t\t<\/div>\n\t\t","protected":false},"excerpt":{"rendered":"<p>De conformidad con lo establecido en la legislaci\u00f3n vigente sobre protecci\u00f3n de datos, el\u00a0Reglamento (UE) 2016\/679, del Parlamento Europeo y del Consejo, de 27 de abril de 2016, relativo a la protecci\u00f3n de las personas f\u00edsicas en lo que respecto al tratamiento de datos personales y a la libre circulaci\u00f3n de estos datos\u00a0(en adelante, RGPD), [&hellip;]<\/p>\n","protected":false},"author":1,"featured_media":0,"parent":0,"menu_order":0,"comment_status":"closed","ping_status":"closed","template":"","meta":{"footnotes":""},"class_list":["post-172","page","type-page","status-publish","hentry"],"_links":{"self":[{"href":"https:\/\/rio.pensionsarria.com\/index.php\/wp-json\/wp\/v2\/pages\/172","targetHints":{"allow":["GET"]}}],"collection":[{"href":"https:\/\/rio.pensionsarria.com\/index.php\/wp-json\/wp\/v2\/pages"}],"about":[{"href":"https:\/\/rio.pensionsarria.com\/index.php\/wp-json\/wp\/v2\/types\/page"}],"author":[{"embeddable":true,"href":"https:\/\/rio.pensionsarria.com\/index.php\/wp-json\/wp\/v2\/users\/1"}],"replies":[{"embeddable":true,"href":"https:\/\/rio.pensionsarria.com\/index.php\/wp-json\/wp\/v2\/comments?post=172"}],"version-history":[{"count":6,"href":"https:\/\/rio.pensionsarria.com\/index.php\/wp-json\/wp\/v2\/pages\/172\/revisions"}],"predecessor-version":[{"id":178,"href":"https:\/\/rio.pensionsarria.com\/index.php\/wp-json\/wp\/v2\/pages\/172\/revisions\/178"}],"wp:attachment":[{"href":"https:\/\/rio.pensionsarria.com\/index.php\/wp-json\/wp\/v2\/media?parent=172"}],"curies":[{"name":"wp","href":"https:\/\/api.w.org\/{rel}","templated":true}]}}